{"id":4,"date":"2016-06-05T07:43:04","date_gmt":"2016-06-05T07:43:04","guid":{"rendered":"http:\/\/stefanpeintinger.eu\/?page_id=4"},"modified":"2023-01-02T13:34:45","modified_gmt":"2023-01-02T12:34:45","slug":"publications","status":"publish","type":"page","link":"http:\/\/stefanpeintinger.eu\/?page_id=4","title":{"rendered":"Publications &#038; Presentations"},"content":{"rendered":"<p><strong><em>Judicial Publications<\/em><\/strong><\/p>\n<p><strong><em>Book chapters \/ Compendiums<\/em><\/strong><\/p>\n<ul>\n<li><em>Peintinger, in<\/em>: Beck&#8217;sche Online-Formulare, IT- und Datenrecht, <em>N\u00e4gele\/Apel<\/em> (Hrsg.), aktuelle Edition, M\u00fcnchen, seit 2020; Verfasser der folgenden Abschnitte:<\/li>\n<\/ul>\n<p style=\"padding-left: 40px;\">Datenschutzrecht<\/p>\n<p style=\"padding-left: 40px;\">2.3 Verhaltensregeln nach Art. 40 DS-GVO<br \/>\n2.4 Mitteilung \u00fcber Verletzung des Datenschutzes an die Aufsichtsbeh\u00f6rde (Art. 33 DS-GVO)<br \/>\n2.5 Dokumentation der Verletzung des Datenschutzes (Art. 33 DS-GVO)<br \/>\n2.6 Mitteilung \u00fcber Verletzung des Datenschutzes an die betroffene Person (Art. 34 DS-GVO)<\/p>\n<p style=\"padding-left: 40px;\">Datenrecht (zusammen mit Christoph Kr\u00fcck)<\/p>\n<p style=\"padding-left: 40px;\">3.7 Datapooling- und Datamining-Vertrag<br \/>\n3.8 Data-Mining-Vertrag (Rechteeinr\u00e4umungsklausel)<\/p>\n<ul>\n<li><em>Peintinger<\/em>, Cross-Border Data Transfer, sowie <em>Kr\u00fcger\/Peintinger<\/em>, IT-Sicherheit \/ Data Breach Notification, jeweils in: BVDW (Hrsg.), EU-Datenschutz-Grundverordnung 2018, BVDW-Praxisleitfaden, 1. Auflage, D\u00fcsseldorf, 2017<\/li>\n<li><em>Leupold\/Glossner\/Peintinger<\/em>, eHealth: Rechtliche Rahmenbedingungen, Datenschutz und Datensicherheit, in: Fischer\/Kr\u00e4mer (Hrsg.), eHealth in Deutschland &#8211; Anforderungen und Potenziale innovativer Versorgungsstrukturen, Berlin\/Heidelberg, 2016<\/li>\n<li><em>Kr\u00fcger\/Peintinger<\/em>, \u00a7 36 Internetvertrieb &#8211; Teleshopping, in: Martinek\/Semler\/Flohr (Hrsg.), Handbuch des Vertriebsrechts, 4. Auflage, M\u00fcnchen, 2016<\/li>\n<\/ul>\n<p><strong><em>Articles<\/em><\/strong><\/p>\n<ul>\n<li><em>Schweinoch\/Peintinger<\/em>, Anonymisierung im Datenschutz \u2013 terra incognita?, CR 2020, 643<\/li>\n<li><em>Spies\/Peintinger<\/em>, ePrivacyVO und die m\u00f6glichen Auswirkungen auf Ihre SAP Systemlandschaft, DSAG Newsletter 11\/2018<\/li>\n<li><em>Conraths\/Peintinger<\/em>, \u00a7\u00a7 7 und 8 TMG Reloaded: Websperren, GRUR-Prax 2017, 206 ff.<\/li>\n<li><em>Kr\u00fcger\/Peintinger<\/em>, Data protection and IP post the UK\u2019s Brexit decision, Australian Media, Technology and Communications Law Bulletin 2016 (Vol. 3 No. 8), 106 ff.<\/li>\n<li><em>Conraths\/Peintinger<\/em>, Der neue \u00a7 8 TMG: Kein Wegfall der St\u00f6rerhaftung von W-LAN-Betreibern, GRUR-PRAX 2016, 297 ff.<\/li>\n<li><em>Peintinger<\/em>, Widerrufsrechte beim Erwerb digitaler Inhalte, MMR 2016, 3 ff.<\/li>\n<li><em>Peintinger<\/em>, Aktueller Zwischenstand zu Safe Harbor, ZD-Aktuell 2016, 04172.<\/li>\n<li><em>Peintinger<\/em>, Arbeitsrecht und Social Media einmal anders: Darf der potenzielle Arbeitgeber den Bewerber nach den Zugangsdaten f\u00fcr dessen Social Media-Account fragen und den Account dann auswerten?, ZDAR 2014, 109 ff.<\/li>\n<li><em>Kranig\/Peintinger<\/em>, Selbstregulierung im Datenschutzrecht &#8211; Rechtslage in Deutschland, Europa und den USA unter Ber\u00fccksichtigung des Vorschlags zur DS-GVO, ZD 2014, 3 ff.<br \/>\nEnglish translation: <a href=\"https:\/\/www.beck.de\/rsw\/upload\/ZD\/Kranig_Peitinger_engl_Version_HP_2.pdf\">https:\/\/www.beck.de\/rsw\/upload\/ZD\/Kranig_Peintinger_engl_Version_HP_2.pdf<\/a><\/li>\n<li><em>Lang\/Peintinger<\/em>, Die wirksame Einwilligung im Datenschutzrecht unter Ber\u00fccksichtigung des Vorschlags f\u00fcr eine EU-Datenschutz-Grundverordnung, European Law Reporter 2013, 206 ff.<\/li>\n<li><em>Peintinger<\/em>, Der Verbraucherbegriff im Lichte der Richtlinie \u00fcber die Rechte von Verbrauchern und des Vorschlages f\u00fcr ein Gemeinsames Europ\u00e4isches Kaufrecht \u2013 Pl\u00e4doyer f\u00fcr einen einheitlichen europ\u00e4ischen Verbraucherbegriff, GPR 2013, 24 ff.<\/li>\n<\/ul>\n<p><strong><em>Book Review<\/em><\/strong><\/p>\n<ul>\n<li><em>Peintinger<\/em>, Rezension zum Tagungsband \u201eImmaterialg\u00fcter und Digitalisierung\u201c der 2. Assistententagung Gr\u00fcner Bereich 2017 in Freiburg, Hennemann, Moritz\/Sattler, Andreas (Hrsg.), Nomos, 1.\u202fAuflage, 2017, ZUM 2018, 400.<\/li>\n<\/ul>\n<p><strong><em>Presentations<\/em><\/strong><\/p>\n<ul>\n<li>W&amp;V Data Marketing Day II (2018): E-Privacy-Verordnung: Was kommt auf uns zu? Der Status Quo im Gesetzgebungsverfahren<\/li>\n<li>DAJV June 2016: \u00a0The EU-US Privacy Shield and the Future of Trans-Atlantic Data Transfers &#8211; European Point of View regarding the current developments\u00a0of the EU-US Privacy Shield; Co-Speaker with Professor Felix Wu, Cardozo Law School<\/li>\n<li>DialogCamp 2016: Aktuelles zum EU-US-Privacy Shield und \u00dcberlegungen zur Angemessenheitspr\u00fcfung nach Art. 25 Abs. 6 Richtlinie 95\/46\/EG<\/li>\n<\/ul>\n<p><strong><em>Other Publications<\/em><\/strong><\/p>\n<ul>\n<li><em>Peintinger<\/em>, Deutsch-Ausl\u00e4ndische Juristenvereinigungen, ZDAR 2018, 67 f.<\/li>\n<li><em>Krischker\/Maidhof\/Peintinger<\/em>, Wahlstation am Bayerischen Landesamt f\u00fcr Datenschutzaufsicht (BayLDA), JuS-Aktuell in JuS 1\/2016, 25 f.<\/li>\n<li><em>Peintinger<\/em>, Erfahrungsbericht zum LL.M.-Studium am Georgetown University Law Center (GULC) in Washington, D.C., NJW-Spezial 16\/2015 (Beilage zur NJW 33\/2015), 26 f.<\/li>\n<li><em>Peintinger<\/em>, Panel Report: Cybersecurity &#8211; (K)eine Chance gegen Internetspione? \u2013 Is There (No) Chance Against Internet Espionage?, ZDAR 2014, 173 ff.<\/li>\n<li><em>Peintinger<\/em>, Erfahrungen und Gedanken zum LL.M., StudJur 02 2014, 29 ff.<\/li>\n<li><em>Peintinger<\/em>, Dory Mayer &#8211; a true stalwart of the international legal community, ZDAR 2014, 63.<\/li>\n<li><em>Peintinger<\/em>, Tagungsbericht zum 3. DialogCamp von MMR, ZD und FOM = MMR-Aktuell 2014, 356689 (vgl. MMR 4\/2014, VII).<\/li>\n<li><em>Peintinger<\/em>, Juristenvereinigungen in Deutschland, Beck&#8217;scher Referendarf\u00fchrer 2012\/2013, M\u00fcnchen, 2012, S. 99 ff.<\/li>\n<\/ul>\n","protected":false},"excerpt":{"rendered":"<p>Judicial Publications Book chapters \/ Compendiums Peintinger, in: Beck&#8217;sche Online-Formulare, IT- und Datenrecht, N\u00e4gele\/Apel (Hrsg.), aktuelle Edition, M\u00fcnchen, seit 2020; Verfasser der folgenden Abschnitte: Datenschutzrecht 2.3 Verhaltensregeln nach Art. 40 DS-GVO 2.4 Mitteilung \u00fcber Verletzung des Datenschutzes an die Aufsichtsbeh\u00f6rde (Art. 33 DS-GVO) 2.5 Dokumentation der Verletzung des Datenschutzes (Art. 33 DS-GVO) 2.6 Mitteilung \u00fcber [&hellip;]<\/p>\n","protected":false},"author":1,"featured_media":0,"parent":0,"menu_order":0,"comment_status":"closed","ping_status":"closed","template":"","meta":{"footnotes":""},"class_list":["post-4","page","type-page","status-publish","hentry"],"_links":{"self":[{"href":"http:\/\/stefanpeintinger.eu\/index.php?rest_route=\/wp\/v2\/pages\/4","targetHints":{"allow":["GET"]}}],"collection":[{"href":"http:\/\/stefanpeintinger.eu\/index.php?rest_route=\/wp\/v2\/pages"}],"about":[{"href":"http:\/\/stefanpeintinger.eu\/index.php?rest_route=\/wp\/v2\/types\/page"}],"author":[{"embeddable":true,"href":"http:\/\/stefanpeintinger.eu\/index.php?rest_route=\/wp\/v2\/users\/1"}],"replies":[{"embeddable":true,"href":"http:\/\/stefanpeintinger.eu\/index.php?rest_route=%2Fwp%2Fv2%2Fcomments&post=4"}],"version-history":[{"count":26,"href":"http:\/\/stefanpeintinger.eu\/index.php?rest_route=\/wp\/v2\/pages\/4\/revisions"}],"predecessor-version":[{"id":158,"href":"http:\/\/stefanpeintinger.eu\/index.php?rest_route=\/wp\/v2\/pages\/4\/revisions\/158"}],"wp:attachment":[{"href":"http:\/\/stefanpeintinger.eu\/index.php?rest_route=%2Fwp%2Fv2%2Fmedia&parent=4"}],"curies":[{"name":"wp","href":"https:\/\/api.w.org\/{rel}","templated":true}]}}