{"id":36,"date":"2016-06-05T09:06:13","date_gmt":"2016-06-05T09:06:13","guid":{"rendered":"http:\/\/stefanpeintinger.eu\/?page_id=36"},"modified":"2025-10-19T11:55:26","modified_gmt":"2025-10-19T09:55:26","slug":"information-privacy","status":"publish","type":"page","link":"http:\/\/stefanpeintinger.eu\/?page_id=36","title":{"rendered":"Information Privacy \/ Datenschutz"},"content":{"rendered":"<p align=\"left\">Das ist eine private Webseite (vgl. Artikel 2 Abs. 2 lit. c) DSGVO). Die folgenden Angaben dienen daher nur der Transparenz, ohne rechtliche Verpflichtung.<\/p>\n<p align=\"left\"><span style=\"font-family: Lucida Calligraphy; font-size: small;\">1. Verantwortlicher f\u00fcr die Datenverarbeitung im Rahmen dieser Webseite<\/span><\/p>\n<p>Dr. Stefan Peintinger; Kontaktangaben, siehe <a href=\"https:\/\/stefanpeintinger.eu\/?page_id=33\" target=\"_blank\" rel=\"noopener\">Impressum<\/a>.<\/p>\n<p><span style=\"font-family: Lucida Calligraphy; font-size: small;\">2. Zweck der Datenverarbeitung im Rahmen dieser Webseite und Rechtsgrundlage<\/span><\/p>\n<p>Die Bereitstellung dieser Webseite (inkl. der Funktionen) erfordert den Umgang mit Ihren personenbezogenen Daten. Dazu geh\u00f6rt etwa Ihre IP-Adresse, wenn Sie diese Webseite aufrufen. Zu statistischen Zwecken k\u00f6nnen auch anonymisierte Daten hinsichtlich der Nutzung dieser Webseite gesammelt werden.<\/p>\n<p>Der Umgang mit Ihren personenbezogenen Daten zur Bereitstellung dieser Webseite erfolgt aufgrund meines berechtigten Interesses. F\u00fcr die Bereitstellung dieser Webseite ist es technisch notwendig, dass bestimmte personenbezogene Daten verarbeitet werden (z.B. die IP-Adresse).<\/p>\n<p>Im Rahmen der erforderlichen Interessenabw\u00e4gung habe ich Ihr Interesse an der jeweiligen Geheimhaltung Ihrer personenbezogenen Daten und mein Interessen an der Bereitstellung dieser Webseite (inkl. der Funktionen) miteinander abgewogen. Ihr Interesse an der Geheimhaltung tritt dabei zur\u00fcck. Ich k\u00f6nnte Ihnen gegen\u00fcber andernfalls diese Webseite (inkl. der Funktionen) nicht bereitstellen.<\/p>\n<p align=\"left\"><span style=\"font-family: Lucida Calligraphy; font-size: small;\">3. Kriterien f\u00fcr die Speicherdauer der personenbezogenen Daten<\/span><\/p>\n<p>Ihre personenbezogenen Daten werden gel\u00f6scht, wenn der jeweilige Zweck der Speicherung entf\u00e4llt und keine gesetzliche Vorschrift eine Aufbewahrung erfordert. Personenbezogene Daten, die erforderlich sind, um diese Webseite zu nutzen, werden nur anonymisiert in Log-Files gespeichert. Diese Log-Files werden nach 6 Wochen gel\u00f6scht.<\/p>\n<p align=\"left\"><span style=\"font-family: Lucida Calligraphy; font-size: small;\">4. Ihre Betroffenenrechte<\/span><\/p>\n<p>Sie haben grunds\u00e4tzlich das Recht auf Auskunft \u00fcber die Sie betreffenden personenbezogenen Daten sowie auf Berichtigung oder L\u00f6schung oder auf Einschr\u00e4nkung der Verarbeitung. Zudem haben Sie grunds\u00e4tzlich ein Widerspruchsrecht gegen die weitere Verarbeitung sowie das Recht auf Daten\u00fcbertragbarkeit.<\/p>\n<p>Bitten wenden Sie sich hierf\u00fcr jeweils an die o.g. Kontaktdaten.<\/p>\n<p>Sie haben zudem ein Beschwerderecht bei einer Datenschutzaufsichtsbeh\u00f6rde (wie oben geschrieben: Das ist eine private Webseite).<\/p>\n","protected":false},"excerpt":{"rendered":"<p>Das ist eine private Webseite (vgl. Artikel 2 Abs. 2 lit. c) DSGVO). Die folgenden Angaben dienen daher nur der Transparenz, ohne rechtliche Verpflichtung. 1. Verantwortlicher f\u00fcr die Datenverarbeitung im Rahmen dieser Webseite Dr. Stefan Peintinger; Kontaktangaben, siehe Impressum. 2. Zweck der Datenverarbeitung im Rahmen dieser Webseite und Rechtsgrundlage Die Bereitstellung dieser Webseite (inkl. der [&hellip;]<\/p>\n","protected":false},"author":1,"featured_media":0,"parent":0,"menu_order":0,"comment_status":"closed","ping_status":"closed","template":"","meta":{"footnotes":""},"class_list":["post-36","page","type-page","status-publish","hentry"],"_links":{"self":[{"href":"http:\/\/stefanpeintinger.eu\/index.php?rest_route=\/wp\/v2\/pages\/36","targetHints":{"allow":["GET"]}}],"collection":[{"href":"http:\/\/stefanpeintinger.eu\/index.php?rest_route=\/wp\/v2\/pages"}],"about":[{"href":"http:\/\/stefanpeintinger.eu\/index.php?rest_route=\/wp\/v2\/types\/page"}],"author":[{"embeddable":true,"href":"http:\/\/stefanpeintinger.eu\/index.php?rest_route=\/wp\/v2\/users\/1"}],"replies":[{"embeddable":true,"href":"http:\/\/stefanpeintinger.eu\/index.php?rest_route=%2Fwp%2Fv2%2Fcomments&post=36"}],"version-history":[{"count":13,"href":"http:\/\/stefanpeintinger.eu\/index.php?rest_route=\/wp\/v2\/pages\/36\/revisions"}],"predecessor-version":[{"id":174,"href":"http:\/\/stefanpeintinger.eu\/index.php?rest_route=\/wp\/v2\/pages\/36\/revisions\/174"}],"wp:attachment":[{"href":"http:\/\/stefanpeintinger.eu\/index.php?rest_route=%2Fwp%2Fv2%2Fmedia&parent=36"}],"curies":[{"name":"wp","href":"https:\/\/api.w.org\/{rel}","templated":true}]}}